{"id":6833,"date":"2018-05-26T04:10:02","date_gmt":"2018-05-26T02:10:02","guid":{"rendered":"https:\/\/www.maisonmaxine.be\/?page_id=6833"},"modified":"2020-06-19T10:01:07","modified_gmt":"2020-06-19T08:01:07","slug":"home","status":"publish","type":"page","link":"https:\/\/www.maisonmaxine.be\/fr\/","title":{"rendered":"Home"},"content":{"rendered":"<section class=\"wpb-content-wrapper\">[vc_row column_spacing=\u00a0\u00bb40&Prime; bg_style=\u00a0\u00bbstretch\u00a0\u00bb css=\u00a0\u00bb.vc_custom_1534878360542{padding-bottom: 30px !important;}\u00a0\u00bb][vc_column]<h1 class=\"vcex-module vcex-heading vcex-heading-plain\"><span class=\"vcex-heading-inner clr\">Mon bonheur \u00e0 moi, c\u2019est nos moments \u00e0 nous<\/span><\/h1>[vc_column_text]Soyez les bienvenus dans MaisonMaxine, une merveilleuse maison de vacances pour 12 personnes, au coeur de la ville dynamique de Nieuport. Son centre ville dynamique nous rappelle son pass\u00e9 riche. Le march\u00e9 pittoresque, le Kaaiplein r\u00e9nov\u00e9, le chenal, la promenade p\u00e9destre et cycliste prouvent aussi que Nieuport repr\u00e9sente plus que son pass\u00e9. Durant toutes le saisons Nieuport est une ville anim\u00e9e avec beaucoup d\u2019activit\u00e9s et de nombreux restaurants.[\/vc_column_text][\/vc_column][\/vc_row][vc_row column_spacing=\u00a0\u00bb40&Prime; bg_style=\u00a0\u00bbstretch\u00a0\u00bb css=\u00a0\u00bb.vc_custom_1534879160410{padding-bottom: 30px !important;}\u00a0\u00bb][vc_column width=\u00a0\u00bb1\/2&Prime;][vc_column_text]La maison est charmante et a \u00e9t\u00e9 enti\u00e8rement r\u00e9nov\u00e9e r\u00e9cemment, joliment am\u00e9nag\u00e9e et est \u00e9quip\u00e9e de tout le confort moderne.<\/p>\n<p>Il y a 6 chambres \u00e0 coucher, 2 salles de bain, un living \u00e0 part, une salle \u00e0 manger avec une cuisine ouverte enti\u00e8rement \u00e9quip\u00e9e. Ainsi vous pourrez profiter pleinement de votre s\u00e9jour \u00e0 la mer.<\/p>\n<p>Vos lis seront faits, le linge de bain sera \u00e0 vortre disposition. Pas besoin de trimballer des valises \u00e9normes. Pour les tout petits il y a un lit b\u00e9b\u00e9 et une chaise haute.<\/p>\n<p>La maison est situ\u00e9e au centre de Nieuport. Un tas de restaurants, une location de v\u00e9los, un supermarch\u00e9 et plusieurs magasins se trouvent \u00e0 deux pas de la maison. Parking gratuit dans la rue.[\/vc_column_text][\/vc_column][vc_column width=\u00a0\u00bb1\/2&Prime;]<div class=\"wpex-slider-preloaderimg\"><img loading=\"lazy\" decoding=\"async\" data-no-lazy=\"1\" src=\"https:\/\/www.maisonmaxine.be\/wp-content\/uploads\/2019\/10\/Desender033.jpg\" data-no-retina width=\"2000\" height=\"1334\" \/><\/div><div class=\"vcex-module wpex-slider slider-pro vcex-image-slider clr\" data-fade=\"true\"  data-loop=\"true\" data-autoplay-on-hover=\"none\" data-auto-play-delay=\"4000\" data-buttons=\"false\" data-thumbnails=\"true\" data-animation-speed=\"600\" data-height-animation-duration=\"500\" data-thumbnail-height=\"70\" data-thumbnail-width=\"70\"><div class=\"wpex-slider-slides sp-slides\"><div class=\"wpex-slider-slide sp-slide\"><div class=\"wpex-slider-media\"><img loading=\"lazy\" decoding=\"async\" data-no-lazy=\"1\" src=\"https:\/\/www.maisonmaxine.be\/wp-content\/uploads\/2019\/10\/Desender033.jpg\" data-no-retina width=\"2000\" height=\"1334\" \/><\/div><\/div><div class=\"wpex-slider-slide sp-slide\"><div class=\"wpex-slider-media\"><img loading=\"lazy\" decoding=\"async\" data-no-lazy=\"1\" src=\"https:\/\/www.maisonmaxine.be\/wp-content\/uploads\/2019\/10\/Desender040-1.jpg\" data-no-retina width=\"2000\" height=\"1334\" \/><\/div><\/div><div class=\"wpex-slider-slide sp-slide\"><div class=\"wpex-slider-media\"><img loading=\"lazy\" decoding=\"async\" data-no-lazy=\"1\" src=\"https:\/\/www.maisonmaxine.be\/wp-content\/uploads\/2019\/10\/Desender035-1.jpg\" data-no-retina width=\"2000\" height=\"1334\" \/><\/div><\/div><div class=\"wpex-slider-slide sp-slide\"><div class=\"wpex-slider-media\"><img loading=\"lazy\" decoding=\"async\" data-no-lazy=\"1\" src=\"https:\/\/www.maisonmaxine.be\/wp-content\/uploads\/2019\/10\/Desender044-1.jpg\" data-no-retina width=\"2000\" height=\"1334\" \/><\/div><\/div><div class=\"wpex-slider-slide sp-slide\"><div class=\"wpex-slider-media\"><img loading=\"lazy\" decoding=\"async\" data-no-lazy=\"1\" src=\"https:\/\/www.maisonmaxine.be\/wp-content\/uploads\/2019\/10\/Desender024.jpg\" data-no-retina width=\"2000\" height=\"1334\" \/><\/div><\/div><div class=\"wpex-slider-slide sp-slide\"><div class=\"wpex-slider-media\"><img loading=\"lazy\" decoding=\"async\" data-no-lazy=\"1\" src=\"https:\/\/www.maisonmaxine.be\/wp-content\/uploads\/2019\/10\/Desender058.jpg\" data-no-retina width=\"2000\" height=\"1334\" \/><\/div><\/div><div class=\"wpex-slider-slide sp-slide\"><div class=\"wpex-slider-media\"><img loading=\"lazy\" decoding=\"async\" data-no-lazy=\"1\" src=\"https:\/\/www.maisonmaxine.be\/wp-content\/uploads\/2019\/10\/Desender038.jpg\" data-no-retina width=\"2000\" height=\"1334\" \/><\/div><\/div><\/div><div class=\"wpex-slider-thumbnails sp-thumbnails sp-thumbnails\"><img loading=\"lazy\" decoding=\"async\" data-no-lazy=\"1\" class=\"wpex-slider-thumbnail sp-thumbnail\" src=\"https:\/\/www.maisonmaxine.be\/wp-content\/uploads\/2019\/10\/Desender033.jpg\" data-no-retina width=\"2000\" height=\"1334\" \/><img loading=\"lazy\" decoding=\"async\" data-no-lazy=\"1\" class=\"wpex-slider-thumbnail sp-thumbnail\" src=\"https:\/\/www.maisonmaxine.be\/wp-content\/uploads\/2019\/10\/Desender040-1.jpg\" data-no-retina width=\"2000\" height=\"1334\" \/><img loading=\"lazy\" decoding=\"async\" data-no-lazy=\"1\" class=\"wpex-slider-thumbnail sp-thumbnail\" src=\"https:\/\/www.maisonmaxine.be\/wp-content\/uploads\/2019\/10\/Desender035-1.jpg\" data-no-retina width=\"2000\" height=\"1334\" \/><img loading=\"lazy\" decoding=\"async\" data-no-lazy=\"1\" class=\"wpex-slider-thumbnail sp-thumbnail\" src=\"https:\/\/www.maisonmaxine.be\/wp-content\/uploads\/2019\/10\/Desender044-1.jpg\" data-no-retina width=\"2000\" height=\"1334\" \/><img loading=\"lazy\" decoding=\"async\" data-no-lazy=\"1\" class=\"wpex-slider-thumbnail sp-thumbnail\" src=\"https:\/\/www.maisonmaxine.be\/wp-content\/uploads\/2019\/10\/Desender024.jpg\" data-no-retina width=\"2000\" height=\"1334\" \/><img loading=\"lazy\" decoding=\"async\" data-no-lazy=\"1\" class=\"wpex-slider-thumbnail sp-thumbnail\" src=\"https:\/\/www.maisonmaxine.be\/wp-content\/uploads\/2019\/10\/Desender058.jpg\" data-no-retina width=\"2000\" height=\"1334\" \/><img loading=\"lazy\" decoding=\"async\" data-no-lazy=\"1\" class=\"wpex-slider-thumbnail sp-thumbnail\" src=\"https:\/\/www.maisonmaxine.be\/wp-content\/uploads\/2019\/10\/Desender038.jpg\" data-no-retina width=\"2000\" height=\"1334\" \/><\/div><\/div>[\/vc_column][\/vc_row][vc_row full_width=\u00a0\u00bbstretch_row\u00a0\u00bb parallax=\u00a0\u00bbvcex_parallax\u00a0\u00bb parallax_image=\u00a0\u00bb6348&Prime; remove_bottom_col_margin=\u00a0\u00bbtrue\u00a0\u00bb parallax_style=\u00a0\u00bbfixed-no-repeat\u00a0\u00bb parallax_direction=\u00a0\u00bbdown\u00a0\u00bb bg_style=\u00a0\u00bbstretch\u00a0\u00bb][vc_column]<div class=\"vcex-spacing hidden-phone\" style=\"height:100px\"><\/div><div class=\"vcex-spacing\" style=\"height:100px\"><\/div>[\/vc_column][\/vc_row]\n<\/section>","protected":false},"excerpt":{"rendered":"<p>[vc_row column_spacing=\u00a0\u00bb40&Prime; bg_style=\u00a0\u00bbstretch\u00a0\u00bb css=\u00a0\u00bb.vc_custom_1534878360542{padding-bottom: 30px !important;}\u00a0\u00bb][vc_column][vc_column_text]Soyez les bienvenus dans MaisonMaxine, une merveilleuse maison de vacances pour 12 personnes, au coeur de la ville dynamique de Nieuport. Son centre ville dynamique nous rappelle son pass\u00e9 riche. Le march\u00e9 pittoresque, le Kaaiplein&hellip;<\/p>\n","protected":false},"author":2,"featured_media":0,"parent":0,"menu_order":0,"comment_status":"closed","ping_status":"closed","template":"","meta":{"footnotes":""},"class_list":["post-6833","page","type-page","status-publish","hentry","entry","no-media"],"_links":{"self":[{"href":"https:\/\/www.maisonmaxine.be\/fr\/wp-json\/wp\/v2\/pages\/6833","targetHints":{"allow":["GET"]}}],"collection":[{"href":"https:\/\/www.maisonmaxine.be\/fr\/wp-json\/wp\/v2\/pages"}],"about":[{"href":"https:\/\/www.maisonmaxine.be\/fr\/wp-json\/wp\/v2\/types\/page"}],"author":[{"embeddable":true,"href":"https:\/\/www.maisonmaxine.be\/fr\/wp-json\/wp\/v2\/users\/2"}],"replies":[{"embeddable":true,"href":"https:\/\/www.maisonmaxine.be\/fr\/wp-json\/wp\/v2\/comments?post=6833"}],"version-history":[{"count":4,"href":"https:\/\/www.maisonmaxine.be\/fr\/wp-json\/wp\/v2\/pages\/6833\/revisions"}],"predecessor-version":[{"id":7014,"href":"https:\/\/www.maisonmaxine.be\/fr\/wp-json\/wp\/v2\/pages\/6833\/revisions\/7014"}],"wp:attachment":[{"href":"https:\/\/www.maisonmaxine.be\/fr\/wp-json\/wp\/v2\/media?parent=6833"}],"curies":[{"name":"wp","href":"https:\/\/api.w.org\/{rel}","templated":true}]}}