{"id":6858,"date":"2018-08-15T21:11:51","date_gmt":"2018-08-15T19:11:51","guid":{"rendered":"https:\/\/www.maisonmaxine.be\/woning\/"},"modified":"2020-06-19T10:01:17","modified_gmt":"2020-06-19T08:01:17","slug":"maison","status":"publish","type":"page","link":"https:\/\/www.maisonmaxine.be\/fr\/maison\/","title":{"rendered":"Maison"},"content":{"rendered":"<section class=\"wpb-content-wrapper\">[vc_row column_spacing=\u00a0\u00bb40&Prime; remove_bottom_col_margin=\u00a0\u00bbtrue\u00a0\u00bb bg_style=\u00a0\u00bbstretch\u00a0\u00bb css=\u00a0\u00bb.vc_custom_1567588094624{padding-top: 30px !important;}\u00a0\u00bb][vc_column]<h1 class=\"vcex-module vcex-heading vcex-heading-plain\"><span class=\"vcex-heading-inner clr\">La maison est hyper \u00e9quip\u00e9e et confortable<\/span><\/h1>[\/vc_column][\/vc_row][vc_row column_spacing=\u00a0\u00bb40&Prime; remove_bottom_col_margin=\u00a0\u00bbtrue\u00a0\u00bb bg_style=\u00a0\u00bbstretch\u00a0\u00bb css=\u00a0\u00bb.vc_custom_1568275069747{margin-bottom: 0px !important;}\u00a0\u00bb][vc_column width=\u00a0\u00bb1\/2&Prime; css=\u00a0\u00bb.vc_custom_1567588314741{margin-bottom: 0px !important;}\u00a0\u00bb]<h3 class=\"vcex-module vcex-heading vcex-heading-plain vc_custom_1589963991288\"><span class=\"vcex-heading-inner clr\">Au rez-de-chauss\u00e9e<\/span><\/h3><div class=\"vcex-module vcex-bullets custom-icon\">\n<ul>\n<li><span class=\"vcex-icon-wrap\"><span class=\"vcex-icon entypo-icon entypo-icon-right-open-mini\" style=\"color:#878787\" aria-hidden=\"true\"><\/span><\/span><div class=\"vcex-content\">Living confortable (\u00e9cran plat avec digicorder, lecteur DVD, livres et jeux de soci\u00e9t\u00e9)<\/div><\/li>\n<li><span class=\"vcex-icon-wrap\"><span class=\"vcex-icon entypo-icon entypo-icon-right-open-mini\" style=\"color:#878787\" aria-hidden=\"true\"><\/span><\/span><div class=\"vcex-content\">Salon avec table \u00e0 manger spacieuse donnant sur une cuisine ouverte<\/div><\/li>\n<li><span class=\"vcex-icon-wrap\"><span class=\"vcex-icon entypo-icon entypo-icon-right-open-mini\" style=\"color:#878787\" aria-hidden=\"true\"><\/span><\/span><div class=\"vcex-content\">Coin de jeu pour les enfants<\/div><\/li>\n<li><span class=\"vcex-icon-wrap\"><span class=\"vcex-icon entypo-icon entypo-icon-right-open-mini\" style=\"color:#878787\" aria-hidden=\"true\"><\/span><\/span><div class=\"vcex-content\">WC et d\u00e9barras<\/div><\/li>\n<li><span class=\"vcex-icon-wrap\"><span class=\"vcex-icon entypo-icon entypo-icon-right-open-mini\" style=\"color:#878787\" aria-hidden=\"true\"><\/span><\/span><div class=\"vcex-content\">Garage pour voiture et\/ou v\u00e9los<\/div><\/li>\n<\/ul>\n<\/div>[\/vc_column][vc_column width=\u00a0\u00bb1\/2&Prime; css=\u00a0\u00bb.vc_custom_1567588319118{margin-bottom: 0px !important;}\u00a0\u00bb]<h3 class=\"vcex-module vcex-heading vcex-heading-plain vc_custom_1589964019626\"><span class=\"vcex-heading-inner clr\">Au premier \u00e9tage<\/span><\/h3><div class=\"vcex-module vcex-bullets custom-icon\">\n<ul>\n<li><span class=\"vcex-icon-wrap\"><span class=\"vcex-icon entypo-icon entypo-icon-right-open-mini\" style=\"color:#878787\" aria-hidden=\"true\"><\/span><\/span><div class=\"vcex-content\">Deux chambres \u00e0 coucher avec des lits doubles<\/div><\/li>\n<li><span class=\"vcex-icon-wrap\"><span class=\"vcex-icon entypo-icon entypo-icon-right-open-mini\" style=\"color:#878787\" aria-hidden=\"true\"><\/span><\/span><div class=\"vcex-content\">Une chambre \u00e0 coucher avec des lits superpos\u00e9s<\/div><\/li>\n<li><span class=\"vcex-icon-wrap\"><span class=\"vcex-icon entypo-icon entypo-icon-right-open-mini\" style=\"color:#878787\" aria-hidden=\"true\"><\/span><\/span><div class=\"vcex-content\">Salle de bain avec baignoire et douche \u00e0 l\u2019italienne<\/div><\/li>\n<li><span class=\"vcex-icon-wrap\"><span class=\"vcex-icon entypo-icon entypo-icon-right-open-mini\" style=\"color:#878787\" aria-hidden=\"true\"><\/span><\/span><div class=\"vcex-content\">WC s\u00e9par\u00e9<\/div><\/li>\n<\/ul>\n<\/div>[\/vc_column][\/vc_row][vc_row full_width=\u00a0\u00bbstretch_row\u00a0\u00bb column_spacing=\u00a0\u00bb40&Prime; remove_bottom_col_margin=\u00a0\u00bbtrue\u00a0\u00bb bg_style=\u00a0\u00bbstretch\u00a0\u00bb][vc_column width=\u00a0\u00bb1\/2&Prime; css=\u00a0\u00bb.vc_custom_1567588337860{margin-bottom: 0px !important;}\u00a0\u00bb]<h3 class=\"vcex-module vcex-heading vcex-heading-plain vc_custom_1589964045860\"><span class=\"vcex-heading-inner clr\">A l\u2019ext\u00e9rieur<\/span><\/h3><div class=\"vcex-module vcex-bullets custom-icon\">\n<ul>\n<li><span class=\"vcex-icon-wrap\"><span class=\"vcex-icon entypo-icon entypo-icon-right-open-mini\" style=\"color:#878787\" aria-hidden=\"true\"><\/span><\/span><div class=\"vcex-content\">Terrasse spacieuse<\/div><\/li>\n<li><span class=\"vcex-icon-wrap\"><span class=\"vcex-icon entypo-icon entypo-icon-right-open-mini\" style=\"color:#878787\" aria-hidden=\"true\"><\/span><\/span><div class=\"vcex-content\">Ensemble lounge<\/div><\/li>\n<\/ul>\n<\/div>[\/vc_column][vc_column width=\u00a0\u00bb1\/2&Prime; css=\u00a0\u00bb.vc_custom_1567588345038{margin-bottom: 0px !important;}\u00a0\u00bb]<h3 class=\"vcex-module vcex-heading vcex-heading-plain vc_custom_1589964081420\"><span class=\"vcex-heading-inner clr\">Au deuxi\u00e8me \u00e9tage<\/span><\/h3><div class=\"vcex-module vcex-bullets custom-icon\">\n<ul>\n<li><span class=\"vcex-icon-wrap\"><span class=\"vcex-icon entypo-icon entypo-icon-right-open-mini\" style=\"color:#878787\" aria-hidden=\"true\"><\/span><\/span><div class=\"vcex-content\">Trois chambres \u00e0 coucher avec des lits doubles<\/div><\/li>\n<li><span class=\"vcex-icon-wrap\"><span class=\"vcex-icon entypo-icon entypo-icon-right-open-mini\" style=\"color:#878787\" aria-hidden=\"true\"><\/span><\/span><div class=\"vcex-content\">Salle de bain avec baignoire et douche \u00e0 l\u2019italienne<\/div><\/li>\n<li><span class=\"vcex-icon-wrap\"><span class=\"vcex-icon entypo-icon entypo-icon-right-open-mini\" style=\"color:#878787\" aria-hidden=\"true\"><\/span><\/span><div class=\"vcex-content\">WC s\u00e9par\u00e9<\/div><\/li>\n<\/ul>\n<\/div>[\/vc_column][\/vc_row][vc_row column_spacing=\u00a0\u00bb40&Prime; remove_bottom_col_margin=\u00a0\u00bbtrue\u00a0\u00bb bg_style=\u00a0\u00bbstretch\u00a0\u00bb][vc_column width=\u00a0\u00bb1\/2&Prime;]<h3 class=\"vcex-module vcex-heading vcex-heading-plain vc_custom_1589964130856\"><span class=\"vcex-heading-inner clr\">Commodit\u00e9s<\/span><\/h3><div class=\"vcex-module vcex-bullets custom-icon\">\n<ul>\n<li><span class=\"vcex-icon-wrap\"><span class=\"vcex-icon entypo-icon entypo-icon-right-open-mini\" style=\"color:#878787\" aria-hidden=\"true\"><\/span><\/span><div class=\"vcex-content\">Cuisine \u00e9quip\u00e9e avec feu \u00e0 induction, four, micro-ondes, lave-vaisselle, cong\u00e9lateur et r\u00e9frig\u00e9rateur<\/div><\/li>\n<li><span class=\"vcex-icon-wrap\"><span class=\"vcex-icon entypo-icon entypo-icon-right-open-mini\" style=\"color:#878787\" aria-hidden=\"true\"><\/span><\/span><div class=\"vcex-content\">Appareil Senseo et cafeti\u00e8re<\/div><\/li>\n<li><span class=\"vcex-icon-wrap\"><span class=\"vcex-icon entypo-icon entypo-icon-right-open-mini\" style=\"color:#878787\" aria-hidden=\"true\"><\/span><\/span><div class=\"vcex-content\">Casseroles, pots et autres ustensiles de cuisine<\/div><\/li>\n<li><span class=\"vcex-icon-wrap\"><span class=\"vcex-icon entypo-icon entypo-icon-right-open-mini\" style=\"color:#878787\" aria-hidden=\"true\"><\/span><\/span><div class=\"vcex-content\">Verres, vaisselle et couverts pour 12 personnes<\/div><\/li>\n<li><span class=\"vcex-icon-wrap\"><span class=\"vcex-icon entypo-icon entypo-icon-right-open-mini\" style=\"color:#878787\" aria-hidden=\"true\"><\/span><\/span><div class=\"vcex-content\">Linge de cuisine et torchons<\/div><\/li>\n<\/ul>\n<\/div>[\/vc_column][vc_column width=\u00a0\u00bb1\/2&Prime;]<div class=\"vcex-spacing hidden-phone\" style=\"height:40px\"><\/div><div class=\"vcex-module vcex-bullets custom-icon\">\n<ul>\n<li><span class=\"vcex-icon-wrap\"><span class=\"vcex-icon entypo-icon entypo-icon-right-open-mini\" style=\"color:#878787\" aria-hidden=\"true\"><\/span><\/span><div class=\"vcex-content\">T\u00e9l\u00e9vision avec digicorder et lecteur DVD<\/div><\/li>\n<li><span class=\"vcex-icon-wrap\"><span class=\"vcex-icon entypo-icon entypo-icon-right-open-mini\" style=\"color:#878787\" aria-hidden=\"true\"><\/span><\/span><div class=\"vcex-content\">Machine \u00e0 laver et s\u00e8che-linge<\/div><\/li>\n<li><span class=\"vcex-icon-wrap\"><span class=\"vcex-icon entypo-icon entypo-icon-right-open-mini\" style=\"color:#878787\" aria-hidden=\"true\"><\/span><\/span><div class=\"vcex-content\">Des s\u00e8che-cheveux<\/div><\/li>\n<li><span class=\"vcex-icon-wrap\"><span class=\"vcex-icon entypo-icon entypo-icon-right-open-mini\" style=\"color:#878787\" aria-hidden=\"true\"><\/span><\/span><div class=\"vcex-content\">Lit b\u00e9b\u00e9, chaise haute<\/div><\/li>\n<li><span class=\"vcex-icon-wrap\"><span class=\"vcex-icon entypo-icon entypo-icon-right-open-mini\" style=\"color:#878787\" aria-hidden=\"true\"><\/span><\/span><div class=\"vcex-content\">Trousse de premiers soins<\/div><\/li>\n<li><span class=\"vcex-icon-wrap\"><span class=\"vcex-icon entypo-icon entypo-icon-right-open-mini\" style=\"color:#878787\" aria-hidden=\"true\"><\/span><\/span><div class=\"vcex-content\">Internet avec Wifi<\/div><\/li>\n<\/ul>\n<\/div>[\/vc_column][\/vc_row][vc_row full_width=\u00a0\u00bbstretch_row_content_no_spaces\u00a0\u00bb remove_bottom_col_margin=\u00a0\u00bbtrue\u00a0\u00bb css=\u00a0\u00bb.vc_custom_1567599600649{padding-top: 5px !important;}\u00a0\u00bb][vc_column]<div class=\"vcex-module vcex-image-grid wpex-row wpex-clr grid-style-default gap-5 lightbox-group\" data-path=\"horizontal\" data-infinite=\"true\"><div class=\"id-6617 vcex-image-grid-entry span_1_of_6 span_1_of_3_tl span_1_of_2_tp span_1_of_3_pl span_1_of_2_pp col  wpb_animate_when_almost_visible wpb_left-to-right left-to-right col-1\"><figure class=\"vcex-image-grid-entry-figure wpex-clr\"><div class=\"vcex-image-grid-entry-img wpex-clr\"><a href=\"https:\/\/www.maisonmaxine.be\/wp-content\/uploads\/2019\/10\/Desender040-1-1500x1001.jpg\" class=\"vcex-image-grid-entry-img wpex-lightbox-group-item\" data-path=\"horizontal\" data-infinite=\"true\" data-title=\"\" data-type=\"image\"><img loading=\"lazy\" decoding=\"async\" width=\"2000\" height=\"1334\" src=\"https:\/\/www.maisonmaxine.be\/wp-content\/uploads\/2019\/10\/Desender040-1.jpg\" class=\"attachment-full size-full\" alt=\"\" srcset=\"https:\/\/www.maisonmaxine.be\/wp-content\/uploads\/2019\/10\/Desender040-1.jpg 2000w, https:\/\/www.maisonmaxine.be\/wp-content\/uploads\/2019\/10\/Desender040-1-300x200.jpg 300w, https:\/\/www.maisonmaxine.be\/wp-content\/uploads\/2019\/10\/Desender040-1-768x512.jpg 768w, https:\/\/www.maisonmaxine.be\/wp-content\/uploads\/2019\/10\/Desender040-1-1024x683.jpg 1024w, https:\/\/www.maisonmaxine.be\/wp-content\/uploads\/2019\/10\/Desender040-1-1500x1001.jpg 1500w\" sizes=\"auto, (max-width: 2000px) 100vw, 2000px\" \/><\/a><\/div><\/figure><\/div><div class=\"id-6496 vcex-image-grid-entry span_1_of_6 span_1_of_3_tl span_1_of_2_tp span_1_of_3_pl span_1_of_2_pp col  wpb_animate_when_almost_visible wpb_left-to-right left-to-right col-2\"><figure class=\"vcex-image-grid-entry-figure wpex-clr\"><div class=\"vcex-image-grid-entry-img wpex-clr\"><a href=\"https:\/\/www.maisonmaxine.be\/wp-content\/uploads\/2019\/10\/Desender045-1500x1001.jpg\" class=\"vcex-image-grid-entry-img wpex-lightbox-group-item\" data-path=\"horizontal\" data-infinite=\"true\" data-title=\"\" data-type=\"image\"><img loading=\"lazy\" decoding=\"async\" width=\"2000\" height=\"1334\" src=\"https:\/\/www.maisonmaxine.be\/wp-content\/uploads\/2019\/10\/Desender045.jpg\" class=\"attachment-full size-full\" alt=\"\" srcset=\"https:\/\/www.maisonmaxine.be\/wp-content\/uploads\/2019\/10\/Desender045.jpg 2000w, https:\/\/www.maisonmaxine.be\/wp-content\/uploads\/2019\/10\/Desender045-300x200.jpg 300w, https:\/\/www.maisonmaxine.be\/wp-content\/uploads\/2019\/10\/Desender045-768x512.jpg 768w, https:\/\/www.maisonmaxine.be\/wp-content\/uploads\/2019\/10\/Desender045-1024x683.jpg 1024w, https:\/\/www.maisonmaxine.be\/wp-content\/uploads\/2019\/10\/Desender045-1500x1001.jpg 1500w\" sizes=\"auto, (max-width: 2000px) 100vw, 2000px\" \/><\/a><\/div><\/figure><\/div><div class=\"id-6509 vcex-image-grid-entry span_1_of_6 span_1_of_3_tl span_1_of_2_tp span_1_of_3_pl span_1_of_2_pp col  wpb_animate_when_almost_visible wpb_left-to-right left-to-right col-3\"><figure class=\"vcex-image-grid-entry-figure wpex-clr\"><div class=\"vcex-image-grid-entry-img wpex-clr\"><a href=\"https:\/\/www.maisonmaxine.be\/wp-content\/uploads\/2019\/10\/Desender058-1500x1001.jpg\" class=\"vcex-image-grid-entry-img wpex-lightbox-group-item\" data-path=\"horizontal\" data-infinite=\"true\" data-title=\"\" data-type=\"image\"><img loading=\"lazy\" decoding=\"async\" width=\"2000\" height=\"1334\" src=\"https:\/\/www.maisonmaxine.be\/wp-content\/uploads\/2019\/10\/Desender058.jpg\" class=\"attachment-full size-full\" alt=\"\" srcset=\"https:\/\/www.maisonmaxine.be\/wp-content\/uploads\/2019\/10\/Desender058.jpg 2000w, https:\/\/www.maisonmaxine.be\/wp-content\/uploads\/2019\/10\/Desender058-768x512.jpg 768w, https:\/\/www.maisonmaxine.be\/wp-content\/uploads\/2019\/10\/Desender058-1024x683.jpg 1024w, https:\/\/www.maisonmaxine.be\/wp-content\/uploads\/2019\/10\/Desender058-1500x1001.jpg 1500w\" sizes=\"auto, (max-width: 2000px) 100vw, 2000px\" \/><\/a><\/div><\/figure><\/div><div class=\"id-6502 vcex-image-grid-entry span_1_of_6 span_1_of_3_tl span_1_of_2_tp span_1_of_3_pl span_1_of_2_pp col  wpb_animate_when_almost_visible wpb_left-to-right left-to-right col-4\"><figure class=\"vcex-image-grid-entry-figure wpex-clr\"><div class=\"vcex-image-grid-entry-img wpex-clr\"><a href=\"https:\/\/www.maisonmaxine.be\/wp-content\/uploads\/2019\/10\/Desender051-1500x1001.jpg\" class=\"vcex-image-grid-entry-img wpex-lightbox-group-item\" data-path=\"horizontal\" data-infinite=\"true\" data-title=\"\" data-type=\"image\"><img loading=\"lazy\" decoding=\"async\" width=\"2000\" height=\"1334\" src=\"https:\/\/www.maisonmaxine.be\/wp-content\/uploads\/2019\/10\/Desender051.jpg\" class=\"attachment-full size-full\" alt=\"\" srcset=\"https:\/\/www.maisonmaxine.be\/wp-content\/uploads\/2019\/10\/Desender051.jpg 2000w, https:\/\/www.maisonmaxine.be\/wp-content\/uploads\/2019\/10\/Desender051-768x512.jpg 768w, https:\/\/www.maisonmaxine.be\/wp-content\/uploads\/2019\/10\/Desender051-1024x683.jpg 1024w, https:\/\/www.maisonmaxine.be\/wp-content\/uploads\/2019\/10\/Desender051-1500x1001.jpg 1500w\" sizes=\"auto, (max-width: 2000px) 100vw, 2000px\" \/><\/a><\/div><\/figure><\/div><div class=\"id-6577 vcex-image-grid-entry span_1_of_6 span_1_of_3_tl span_1_of_2_tp span_1_of_3_pl span_1_of_2_pp col  wpb_animate_when_almost_visible wpb_left-to-right left-to-right col-5\"><figure class=\"vcex-image-grid-entry-figure wpex-clr\"><div class=\"vcex-image-grid-entry-img wpex-clr\"><a href=\"https:\/\/www.maisonmaxine.be\/wp-content\/uploads\/2019\/10\/Desender013-1-1500x1001.jpg\" class=\"vcex-image-grid-entry-img wpex-lightbox-group-item\" data-path=\"horizontal\" data-infinite=\"true\" data-title=\"\" data-type=\"image\"><img loading=\"lazy\" decoding=\"async\" width=\"2000\" height=\"1334\" src=\"https:\/\/www.maisonmaxine.be\/wp-content\/uploads\/2019\/10\/Desender013-1.jpg\" class=\"attachment-full size-full\" alt=\"\" srcset=\"https:\/\/www.maisonmaxine.be\/wp-content\/uploads\/2019\/10\/Desender013-1.jpg 2000w, https:\/\/www.maisonmaxine.be\/wp-content\/uploads\/2019\/10\/Desender013-1-300x200.jpg 300w, https:\/\/www.maisonmaxine.be\/wp-content\/uploads\/2019\/10\/Desender013-1-768x512.jpg 768w, https:\/\/www.maisonmaxine.be\/wp-content\/uploads\/2019\/10\/Desender013-1-1024x683.jpg 1024w, https:\/\/www.maisonmaxine.be\/wp-content\/uploads\/2019\/10\/Desender013-1-1500x1001.jpg 1500w\" sizes=\"auto, (max-width: 2000px) 100vw, 2000px\" \/><\/a><\/div><\/figure><\/div><div class=\"id-6583 vcex-image-grid-entry span_1_of_6 span_1_of_3_tl span_1_of_2_tp span_1_of_3_pl span_1_of_2_pp col  wpb_animate_when_almost_visible wpb_left-to-right left-to-right col-6\"><figure class=\"vcex-image-grid-entry-figure wpex-clr\"><div class=\"vcex-image-grid-entry-img wpex-clr\"><a href=\"https:\/\/www.maisonmaxine.be\/wp-content\/uploads\/2019\/10\/Desender021-1-1500x1001.jpg\" class=\"vcex-image-grid-entry-img wpex-lightbox-group-item\" data-path=\"horizontal\" data-infinite=\"true\" data-title=\"\" data-type=\"image\"><img loading=\"lazy\" decoding=\"async\" width=\"2000\" height=\"1334\" src=\"https:\/\/www.maisonmaxine.be\/wp-content\/uploads\/2019\/10\/Desender021-1.jpg\" class=\"attachment-full size-full\" alt=\"\" srcset=\"https:\/\/www.maisonmaxine.be\/wp-content\/uploads\/2019\/10\/Desender021-1.jpg 2000w, https:\/\/www.maisonmaxine.be\/wp-content\/uploads\/2019\/10\/Desender021-1-300x200.jpg 300w, https:\/\/www.maisonmaxine.be\/wp-content\/uploads\/2019\/10\/Desender021-1-768x512.jpg 768w, https:\/\/www.maisonmaxine.be\/wp-content\/uploads\/2019\/10\/Desender021-1-1024x683.jpg 1024w, https:\/\/www.maisonmaxine.be\/wp-content\/uploads\/2019\/10\/Desender021-1-1500x1001.jpg 1500w\" sizes=\"auto, (max-width: 2000px) 100vw, 2000px\" \/><\/a><\/div><\/figure><\/div><\/div>[\/vc_column][\/vc_row]\n<\/section>","protected":false},"excerpt":{"rendered":"<p>[vc_row column_spacing=\u00a0\u00bb40&Prime; remove_bottom_col_margin=\u00a0\u00bbtrue\u00a0\u00bb bg_style=\u00a0\u00bbstretch\u00a0\u00bb css=\u00a0\u00bb.vc_custom_1567588094624{padding-top: 30px !important;}\u00a0\u00bb][vc_column][\/vc_column][\/vc_row][vc_row column_spacing=\u00a0\u00bb40&Prime; remove_bottom_col_margin=\u00a0\u00bbtrue\u00a0\u00bb bg_style=\u00a0\u00bbstretch\u00a0\u00bb css=\u00a0\u00bb.vc_custom_1568275069747{margin-bottom: 0px !important;}\u00a0\u00bb][vc_column width=\u00a0\u00bb1\/2&Prime; css=\u00a0\u00bb.vc_custom_1567588314741{margin-bottom: 0px !important;}\u00a0\u00bb][\/vc_column][vc_column width=\u00a0\u00bb1\/2&Prime; css=\u00a0\u00bb.vc_custom_1567588319118{margin-bottom: 0px !important;}\u00a0\u00bb][\/vc_column][\/vc_row][vc_row full_width=\u00a0\u00bbstretch_row\u00a0\u00bb column_spacing=\u00a0\u00bb40&Prime; remove_bottom_col_margin=\u00a0\u00bbtrue\u00a0\u00bb bg_style=\u00a0\u00bbstretch\u00a0\u00bb][vc_column width=\u00a0\u00bb1\/2&Prime; css=\u00a0\u00bb.vc_custom_1567588337860{margin-bottom: 0px !important;}\u00a0\u00bb][\/vc_column][vc_column width=\u00a0\u00bb1\/2&Prime; css=\u00a0\u00bb.vc_custom_1567588345038{margin-bottom: 0px !important;}\u00a0\u00bb][\/vc_column][\/vc_row][vc_row column_spacing=\u00a0\u00bb40&Prime; remove_bottom_col_margin=\u00a0\u00bbtrue\u00a0\u00bb bg_style=\u00a0\u00bbstretch\u00a0\u00bb][vc_column width=\u00a0\u00bb1\/2&Prime;][\/vc_column][vc_column width=\u00a0\u00bb1\/2&Prime;][\/vc_column][\/vc_row][vc_row full_width=\u00a0\u00bbstretch_row_content_no_spaces\u00a0\u00bb remove_bottom_col_margin=\u00a0\u00bbtrue\u00a0\u00bb&hellip;<\/p>\n","protected":false},"author":2,"featured_media":0,"parent":0,"menu_order":0,"comment_status":"closed","ping_status":"closed","template":"templates\/no-sidebar.php","meta":{"footnotes":""},"class_list":["post-6858","page","type-page","status-publish","hentry","entry","no-media"],"_links":{"self":[{"href":"https:\/\/www.maisonmaxine.be\/fr\/wp-json\/wp\/v2\/pages\/6858","targetHints":{"allow":["GET"]}}],"collection":[{"href":"https:\/\/www.maisonmaxine.be\/fr\/wp-json\/wp\/v2\/pages"}],"about":[{"href":"https:\/\/www.maisonmaxine.be\/fr\/wp-json\/wp\/v2\/types\/page"}],"author":[{"embeddable":true,"href":"https:\/\/www.maisonmaxine.be\/fr\/wp-json\/wp\/v2\/users\/2"}],"replies":[{"embeddable":true,"href":"https:\/\/www.maisonmaxine.be\/fr\/wp-json\/wp\/v2\/comments?post=6858"}],"version-history":[{"count":3,"href":"https:\/\/www.maisonmaxine.be\/fr\/wp-json\/wp\/v2\/pages\/6858\/revisions"}],"predecessor-version":[{"id":7015,"href":"https:\/\/www.maisonmaxine.be\/fr\/wp-json\/wp\/v2\/pages\/6858\/revisions\/7015"}],"wp:attachment":[{"href":"https:\/\/www.maisonmaxine.be\/fr\/wp-json\/wp\/v2\/media?parent=6858"}],"curies":[{"name":"wp","href":"https:\/\/api.w.org\/{rel}","templated":true}]}}