{"id":6984,"date":"2019-09-04T12:34:16","date_gmt":"2019-09-04T10:34:16","guid":{"rendered":"https:\/\/www.maisonmaxine.be\/waarborg-annuleringsvoorwaarden\/"},"modified":"2020-06-19T10:21:48","modified_gmt":"2020-06-19T08:21:48","slug":"waarborg-annuleringsvoorwaarden","status":"publish","type":"page","link":"https:\/\/www.maisonmaxine.be\/fr\/waarborg-annuleringsvoorwaarden\/","title":{"rendered":"Waarborg + Annuleringsvoorwaarden"},"content":{"rendered":"<section class=\"wpb-content-wrapper\">[vc_row][vc_column]<h2 class=\"vcex-module vcex-heading vcex-heading-plain\"><span class=\"vcex-heading-inner clr\">Caution<\/span><\/h2>[vc_column_text]Une caution de 500 \u20ac vous sera demand\u00e9e. Elle doit \u00eatre pay\u00e9e au plus tard 30 jours avant votre arriv\u00e9e. La caution vous sera rembours\u00e9e apr\u00e8s inspection de la maison, dans les 8 jours suivant votre s\u00e9jour[\/vc_column_text][\/vc_column][\/vc_row][vc_row][vc_column]<h2 class=\"vcex-module vcex-heading vcex-heading-plain\"><span class=\"vcex-heading-inner clr\">Conditions d'annulation<\/span><\/h2>[vc_column_text]<strong>ANNULATION PAR LE LOCATAIRE<br \/>\n<\/strong><\/p>\n<ul>\n<li>Chaque annulation se fait par e-mail \u00e0 l&rsquo;adresse du propri\u00e9taire et n&rsquo;est valable qu&rsquo;apr\u00e8s la confirmation du propri\u00e9taire.<\/li>\n<li>Toute annulation intervenant moins de 30 jours avant la date d&rsquo;arriv\u00e9e ne sera pas rembours\u00e9e. La somme compl\u00e8te de la r\u00e9servation sera exig\u00e9e.<\/li>\n<li>Toute annulation intervenant entre le 60i\u00e8me et le 30i\u00e8me jour avant la date d&rsquo;arriv\u00e9e, ne sera rembours\u00e9e que pour la moiti\u00e9 des frais.<\/li>\n<li>Toute annulation intervenant \u00e0 plus de 60 jours avant la date d&rsquo;arriv\u00e9e est gratuite, avec remboursement total du montant d\u00e9pos\u00e9.<\/li>\n<li>Si le locataire n&rsquo;utilise pas la maison de vacances ou s&rsquo;il la quitte avant la fin de la p\u00e9riode de location, il n&rsquo;y aura pas de remboursement.<\/li>\n<li>\u2028Si le propri\u00e9taire est oblig\u00e9 d&rsquo;annuler le contrat de location suite \u00e0 des circonstances impr\u00e9vues, le locataire en sera inform\u00e9 imm\u00e9diatement et recevra la totalit\u00e9 du montant d\u00e9pos\u00e9.<\/li>\n<\/ul>\n<p><strong>RESPONSABILIT\u00c9<\/strong><\/p>\n<ul>\n<li>Le propri\u00e9taire n&rsquo;est pas responsable d&rsquo;\u00e9ventuels accidents.<\/li>\n<li>La maison doit \u00eatre g\u00e9r\u00e9e en bon p\u00e8re de famille.<\/li>\n<\/ul>\n<p><strong>R\u00c8GLES DE LA MAISON <\/strong><\/p>\n<ul>\n<li>La maison se trouve au centre historique de Nieuwpoort. Veuillez respecter la paix de vos voisins de 22 h \u00e0 9 h.<\/li>\n<li>Des f\u00eates de c\u00e9libataires bruyantes ne sont pas autoris\u00e9es.<\/li>\n<li>A votre arriv\u00e9e la maison devrait \u00eatre propre et en bon \u00e9tat. Si ce n&rsquo;est pas le cas, vous pouvez en informer le propri\u00e9taire imm\u00e9diatement.<\/li>\n<li>A votre d\u00e9part la maison doit \u00eatre propre et en bon \u00e9tat. Veuillez \u00e9galement remettre les meubles comme vous les avez trouv\u00e9s.<\/li>\n<li>la maison est totalement non-fumeur.<\/li>\n<li>La maison n&rsquo;est lou\u00e9e qu&rsquo;\u00e0 12 personnes au plus.\n<ul>\n<li>Si ce nombre est d\u00e9pass\u00e9, le propri\u00e9taire peut leur refuser l&rsquo;acc\u00e8s de la maison.<\/li>\n<li>Si, plus tard, \u00e0 l&rsquo;insu du propri\u00e9taire, plus de personnes viennent loger dans la maison, 25 % du loyer par personne suppl\u00e9mentaire sera exig\u00e9e. Ceci \u00e9ventuellement d\u00e9duit de la caution.<\/li>\n<\/ul>\n<\/li>\n<li>Des animaux de compagnie ne sont pas admis.<\/li>\n<li>Durant votre s\u00e9jour dans la maison et apr\u00e8s la demande du propri\u00e9taire\/ bailleur, ce dernier a le droit de rentrer dans la maison pour un contr\u00f4le ou de faire entrer quelqu&rsquo;un pour des travaux d&rsquo;entretien urgents.<\/li>\n<\/ul>\n[\/vc_column_text][\/vc_column][\/vc_row]\n<\/section>","protected":false},"excerpt":{"rendered":"<p>[vc_row][vc_column][vc_column_text]Une caution de 500 \u20ac vous sera demand\u00e9e. Elle doit \u00eatre pay\u00e9e au plus tard 30 jours avant votre arriv\u00e9e. La caution vous sera rembours\u00e9e apr\u00e8s inspection de la maison, dans les 8 jours suivant votre s\u00e9jour[\/vc_column_text][\/vc_column][\/vc_row][vc_row][vc_column][vc_column_text]ANNULATION PAR LE LOCATAIRE&hellip;<\/p>\n","protected":false},"author":2,"featured_media":0,"parent":0,"menu_order":0,"comment_status":"closed","ping_status":"closed","template":"","meta":{"footnotes":""},"class_list":["post-6984","page","type-page","status-publish","hentry","entry","no-media"],"_links":{"self":[{"href":"https:\/\/www.maisonmaxine.be\/fr\/wp-json\/wp\/v2\/pages\/6984","targetHints":{"allow":["GET"]}}],"collection":[{"href":"https:\/\/www.maisonmaxine.be\/fr\/wp-json\/wp\/v2\/pages"}],"about":[{"href":"https:\/\/www.maisonmaxine.be\/fr\/wp-json\/wp\/v2\/types\/page"}],"author":[{"embeddable":true,"href":"https:\/\/www.maisonmaxine.be\/fr\/wp-json\/wp\/v2\/users\/2"}],"replies":[{"embeddable":true,"href":"https:\/\/www.maisonmaxine.be\/fr\/wp-json\/wp\/v2\/comments?post=6984"}],"version-history":[{"count":2,"href":"https:\/\/www.maisonmaxine.be\/fr\/wp-json\/wp\/v2\/pages\/6984\/revisions"}],"predecessor-version":[{"id":7028,"href":"https:\/\/www.maisonmaxine.be\/fr\/wp-json\/wp\/v2\/pages\/6984\/revisions\/7028"}],"wp:attachment":[{"href":"https:\/\/www.maisonmaxine.be\/fr\/wp-json\/wp\/v2\/media?parent=6984"}],"curies":[{"name":"wp","href":"https:\/\/api.w.org\/{rel}","templated":true}]}}